{"id":2,"date":"2017-09-22T06:04:27","date_gmt":"2017-09-22T06:04:27","guid":{"rendered":"https:\/\/cantiamo.ch\/?page_id=2"},"modified":"2023-09-23T02:30:48","modified_gmt":"2023-09-23T02:30:48","slug":"sample-page","status":"publish","type":"page","link":"https:\/\/cantiamo.ch\/","title":{"rendered":"Start"},"content":{"rendered":"<p>Der gemischte Chor Cantiamo wurde im September 2002 gegr\u00fcndet und besteht aus rund 30 singfreudigen Frauen und M\u00e4nnern. F\u00fcr unsere Gr\u00fcnderin und Dirigentin Vreni Solenthaler ist Musik mehr als nur T\u00f6ne, Melodien und Texte. Musik ist ein Teil ihres Lebens, den sie gerne mit anderen Leuten teilt. Dabei ist ihr die Freude am Singen ein grosses Anliegen. F\u00fcr sie gibt es nichts Sch\u00f6neres, als nach einer Chorprobe in viele zufriedene, entspannte und strahlende Gesichter zu schauen. So ist es auch ihrer professionellen und einf\u00fchlsamen F\u00fchrung zu verdanken, dass durch das gemeinsame Singen, die Lebendigkeit und Lebensfreude von jedem Einzelnen zum Ausdruck kommen kann.<\/p>\n<p>Vreni Solenthaler hat bereits mit 18 Jahren ihre ersten Chorleiter-Erfahrungen sammeln d\u00fcrfen. Seit 1976 engagiert sie sich bei den verschiedenen Ch\u00f6ren in Hombrechtikon als Dirigentin oder musikalische Begleiterin. Sie hat verschiedene Weiterbildungs- und Dirigentenkurse absolviert, so z. Bsp. bei Josef Scheidegger (Luzerner Musikakademie) und bei Urs Schneider (Orchesterdirigent).<\/p>\n","protected":false},"excerpt":{"rendered":"<p>Der gemischte Chor Cantiamo wurde im September 2002 gegr\u00fcndet und besteht aus rund 30 singfreudigen Frauen und M\u00e4nnern. F\u00fcr unsere Gr\u00fcnderin und Dirigentin Vreni Solenthaler ist Musik mehr als nur T\u00f6ne, Melodien und Texte. Musik ist ein Teil ihres Lebens, &hellip; <a href=\"https:\/\/cantiamo.ch\/\">Weiterlesen <span class=\"meta-nav\">&rarr;<\/span><\/a><\/p>\n","protected":false},"author":1,"featured_media":0,"parent":0,"menu_order":0,"comment_status":"closed","ping_status":"open","template":"","meta":{"footnotes":""},"class_list":["post-2","page","type-page","status-publish","hentry"],"yoast_head":"<!-- This site is optimized with the Yoast SEO plugin v25.8 - https:\/\/yoast.com\/wordpress\/plugins\/seo\/ -->\n<title>Start - Cantiamo.ch<\/title>\n<meta name=\"robots\" content=\"index, follow, max-snippet:-1, max-image-preview:large, max-video-preview:-1\" \/>\n<link rel=\"canonical\" href=\"https:\/\/cantiamo.ch\/\" \/>\n<meta property=\"og:locale\" content=\"de_DE\" \/>\n<meta property=\"og:type\" content=\"article\" \/>\n<meta property=\"og:title\" content=\"Start - Cantiamo.ch\" \/>\n<meta property=\"og:description\" content=\"Der gemischte Chor Cantiamo wurde im September 2002 gegr\u00fcndet und besteht aus rund 30 singfreudigen Frauen und M\u00e4nnern. F\u00fcr unsere Gr\u00fcnderin und Dirigentin Vreni Solenthaler ist Musik mehr als nur T\u00f6ne, Melodien und Texte. Musik ist ein Teil ihres Lebens, &hellip; Weiterlesen &rarr;\" \/>\n<meta property=\"og:url\" content=\"https:\/\/cantiamo.ch\/\" \/>\n<meta property=\"og:site_name\" content=\"Cantiamo.ch\" \/>\n<meta property=\"article:modified_time\" content=\"2023-09-23T02:30:48+00:00\" \/>\n<meta name=\"twitter:card\" content=\"summary_large_image\" \/>\n<meta name=\"twitter:label1\" content=\"Gesch\u00e4tzte Lesezeit\" \/>\n\t<meta name=\"twitter:data1\" content=\"1\u00a0Minute\" \/>\n<script type=\"application\/ld+json\" class=\"yoast-schema-graph\">{\"@context\":\"https:\/\/schema.org\",\"@graph\":[{\"@type\":\"WebPage\",\"@id\":\"https:\/\/cantiamo.ch\/\",\"url\":\"https:\/\/cantiamo.ch\/\",\"name\":\"Start - Cantiamo.ch\",\"isPartOf\":{\"@id\":\"https:\/\/cantiamo.ch\/#website\"},\"datePublished\":\"2017-09-22T06:04:27+00:00\",\"dateModified\":\"2023-09-23T02:30:48+00:00\",\"breadcrumb\":{\"@id\":\"https:\/\/cantiamo.ch\/#breadcrumb\"},\"inLanguage\":\"de\",\"potentialAction\":[{\"@type\":\"ReadAction\",\"target\":[\"https:\/\/cantiamo.ch\/\"]}]},{\"@type\":\"BreadcrumbList\",\"@id\":\"https:\/\/cantiamo.ch\/#breadcrumb\",\"itemListElement\":[{\"@type\":\"ListItem\",\"position\":1,\"name\":\"Startseite\",\"item\":\"https:\/\/cantiamo.ch\/\"},{\"@type\":\"ListItem\",\"position\":2,\"name\":\"Start\"}]},{\"@type\":\"WebSite\",\"@id\":\"https:\/\/cantiamo.ch\/#website\",\"url\":\"https:\/\/cantiamo.ch\/\",\"name\":\"Cantiamo.ch\",\"description\":\"gemischter Chor in Hombrechtikon\",\"potentialAction\":[{\"@type\":\"SearchAction\",\"target\":{\"@type\":\"EntryPoint\",\"urlTemplate\":\"https:\/\/cantiamo.ch\/?s={search_term_string}\"},\"query-input\":{\"@type\":\"PropertyValueSpecification\",\"valueRequired\":true,\"valueName\":\"search_term_string\"}}],\"inLanguage\":\"de\"}]}<\/script>\n<!-- \/ Yoast SEO plugin. -->","yoast_head_json":{"title":"Start - Cantiamo.ch","robots":{"index":"index","follow":"follow","max-snippet":"max-snippet:-1","max-image-preview":"max-image-preview:large","max-video-preview":"max-video-preview:-1"},"canonical":"https:\/\/cantiamo.ch\/","og_locale":"de_DE","og_type":"article","og_title":"Start - Cantiamo.ch","og_description":"Der gemischte Chor Cantiamo wurde im September 2002 gegr\u00fcndet und besteht aus rund 30 singfreudigen Frauen und M\u00e4nnern. F\u00fcr unsere Gr\u00fcnderin und Dirigentin Vreni Solenthaler ist Musik mehr als nur T\u00f6ne, Melodien und Texte. Musik ist ein Teil ihres Lebens, &hellip; Weiterlesen &rarr;","og_url":"https:\/\/cantiamo.ch\/","og_site_name":"Cantiamo.ch","article_modified_time":"2023-09-23T02:30:48+00:00","twitter_card":"summary_large_image","twitter_misc":{"Gesch\u00e4tzte Lesezeit":"1\u00a0Minute"},"schema":{"@context":"https:\/\/schema.org","@graph":[{"@type":"WebPage","@id":"https:\/\/cantiamo.ch\/","url":"https:\/\/cantiamo.ch\/","name":"Start - Cantiamo.ch","isPartOf":{"@id":"https:\/\/cantiamo.ch\/#website"},"datePublished":"2017-09-22T06:04:27+00:00","dateModified":"2023-09-23T02:30:48+00:00","breadcrumb":{"@id":"https:\/\/cantiamo.ch\/#breadcrumb"},"inLanguage":"de","potentialAction":[{"@type":"ReadAction","target":["https:\/\/cantiamo.ch\/"]}]},{"@type":"BreadcrumbList","@id":"https:\/\/cantiamo.ch\/#breadcrumb","itemListElement":[{"@type":"ListItem","position":1,"name":"Startseite","item":"https:\/\/cantiamo.ch\/"},{"@type":"ListItem","position":2,"name":"Start"}]},{"@type":"WebSite","@id":"https:\/\/cantiamo.ch\/#website","url":"https:\/\/cantiamo.ch\/","name":"Cantiamo.ch","description":"gemischter Chor in Hombrechtikon","potentialAction":[{"@type":"SearchAction","target":{"@type":"EntryPoint","urlTemplate":"https:\/\/cantiamo.ch\/?s={search_term_string}"},"query-input":{"@type":"PropertyValueSpecification","valueRequired":true,"valueName":"search_term_string"}}],"inLanguage":"de"}]}},"_links":{"self":[{"href":"https:\/\/cantiamo.ch\/index.php?rest_route=\/wp\/v2\/pages\/2","targetHints":{"allow":["GET"]}}],"collection":[{"href":"https:\/\/cantiamo.ch\/index.php?rest_route=\/wp\/v2\/pages"}],"about":[{"href":"https:\/\/cantiamo.ch\/index.php?rest_route=\/wp\/v2\/types\/page"}],"author":[{"embeddable":true,"href":"https:\/\/cantiamo.ch\/index.php?rest_route=\/wp\/v2\/users\/1"}],"replies":[{"embeddable":true,"href":"https:\/\/cantiamo.ch\/index.php?rest_route=%2Fwp%2Fv2%2Fcomments&post=2"}],"version-history":[{"count":1,"href":"https:\/\/cantiamo.ch\/index.php?rest_route=\/wp\/v2\/pages\/2\/revisions"}],"predecessor-version":[{"id":35,"href":"https:\/\/cantiamo.ch\/index.php?rest_route=\/wp\/v2\/pages\/2\/revisions\/35"}],"wp:attachment":[{"href":"https:\/\/cantiamo.ch\/index.php?rest_route=%2Fwp%2Fv2%2Fmedia&parent=2"}],"curies":[{"name":"wp","href":"https:\/\/api.w.org\/{rel}","templated":true}]}}