{"id":54,"date":"2017-09-30T08:08:05","date_gmt":"2017-09-30T08:08:05","guid":{"rendered":"https:\/\/cantiamo.ch\/?page_id=54"},"modified":"2020-05-14T07:36:45","modified_gmt":"2020-05-14T07:36:45","slug":"probestuecke","status":"publish","type":"page","link":"https:\/\/cantiamo.ch\/?page_id=54","title":{"rendered":"Probest\u00fccke"},"content":{"rendered":"<p><strong><span style=\"color: #0000ff;\">Klavierbegleitung f\u00fcr diverse Probest\u00fccke<br \/>\n<\/span><\/strong><\/p>\n<div id=\"widget-11529783-650d-a24e-3223-da0d4654e589\" class=\"widget widget-text \">\n<div class=\"widget-content\">\n<!--[if lt IE 9]><script>document.createElement('audio');<\/script><![endif]-->\n\t<div class=\"wp-playlist wp-audio-playlist wp-playlist-light\">\n\t\t\t<div class=\"wp-playlist-current-item\"><\/div>\n\t\t<audio controls=\"controls\" preload=\"none\" width=\"618\"\n\t\t\t><\/audio>\n\t<div class=\"wp-playlist-next\"><\/div>\n\t<div class=\"wp-playlist-prev\"><\/div>\n\t<noscript>\n\t<ol>\n\t\t<li><a href='https:\/\/cantiamo.ch\/wp-content\/uploads\/2020\/05\/Froh-zu-sein-Eins..mp3'>Froh zu sein (Einsingen)<\/a><\/li><li><a href='https:\/\/cantiamo.ch\/wp-content\/uploads\/2020\/05\/Wann-und-wo-Eins..mp3'>Wann und wo (Einsingen)<\/a><\/li><li><a href='https:\/\/cantiamo.ch\/wp-content\/uploads\/2020\/05\/Mon-petit-Chor.mp3'>Mon petit (Chor)<\/a><\/li><li><a href='https:\/\/cantiamo.ch\/wp-content\/uploads\/2020\/05\/Mon-petit-Alt-und-Sopran.mp3'>Mon petit (Alt und Sopran)<\/a><\/li><li><a href='https:\/\/cantiamo.ch\/wp-content\/uploads\/2020\/05\/Mon-petit-Tenor-und-Bass.mp3'>Mon petit (Tenor und Bass)<\/a><\/li><li><a href='https:\/\/cantiamo.ch\/wp-content\/uploads\/2020\/05\/Fr\u00fchlingsglaube-Chor.mp3'>Fr\u00fchlingsglaube (Chor)<\/a><\/li><li><a href='https:\/\/cantiamo.ch\/wp-content\/uploads\/2020\/05\/Fr\u00fchlingsglaube-Sopran.mp3'>Fr\u00fchlingsglaube (Sopran)<\/a><\/li><li><a href='https:\/\/cantiamo.ch\/wp-content\/uploads\/2020\/05\/Fr\u00fchlingsglaube-Alt.mp3'>Fr\u00fchlingsglaube (Alt)<\/a><\/li><li><a href='https:\/\/cantiamo.ch\/wp-content\/uploads\/2020\/05\/Fr\u00fchlingsglaube-S-und-A.mp3'>Fr\u00fchlingsglaube (S und A)<\/a><\/li><li><a href='https:\/\/cantiamo.ch\/wp-content\/uploads\/2020\/05\/Fr\u00fchlingsglaube-Tenor.mp3'>Fr\u00fchlingsglaube (Tenor)<\/a><\/li><li><a href='https:\/\/cantiamo.ch\/wp-content\/uploads\/2020\/05\/Fr\u00fchlingsglaube-Bass.mp3'>Fr\u00fchlingsglaube (Bass)<\/a><\/li><li><a href='https:\/\/cantiamo.ch\/wp-content\/uploads\/2020\/05\/Fr\u00fchlingsglaube-Bass-und-Tenor.mp3'>Fr\u00fchlingsglaube (Bass und Tenor)<\/a><\/li><li><a href='https:\/\/cantiamo.ch\/wp-content\/uploads\/2020\/05\/Just-a-closer-Chor.mp3'>Just a closer (Chor)<\/a><\/li><li><a href='https:\/\/cantiamo.ch\/wp-content\/uploads\/2020\/05\/Just-a-closer-Alt-und-Sopran.mp3'>Just a closer (Alt und Sopran)<\/a><\/li><li><a href='https:\/\/cantiamo.ch\/wp-content\/uploads\/2020\/05\/Just-a-closer-Sopran.mp3'>Just a closer (Sopran)<\/a><\/li><li><a href='https:\/\/cantiamo.ch\/wp-content\/uploads\/2020\/05\/Just-a-closer-Alt.mp3'>Just a closer (Alt)<\/a><\/li><li><a href='https:\/\/cantiamo.ch\/wp-content\/uploads\/2020\/05\/Just-a-closer-Tenor-und-Bass.mp3'>Just a closer (Tenor und Bass)<\/a><\/li><li><a href='https:\/\/cantiamo.ch\/wp-content\/uploads\/2020\/05\/Just-a-closer-Tenor.mp3'>Just a closer (Tenor)<\/a><\/li><li><a href='https:\/\/cantiamo.ch\/wp-content\/uploads\/2020\/05\/Just-a-closer-Bass.mp3'>Just a closer (Bass)<\/a><\/li>\t<\/ol>\n\t<\/noscript>\n\t<script type=\"application\/json\" class=\"wp-playlist-script\">{\"type\":\"audio\",\"tracklist\":true,\"tracknumbers\":true,\"images\":true,\"artists\":true,\"tracks\":[{\"src\":\"https:\\\/\\\/cantiamo.ch\\\/wp-content\\\/uploads\\\/2020\\\/05\\\/Froh-zu-sein-Eins..mp3\",\"type\":\"audio\\\/mpeg\",\"title\":\"Froh zu sein (Einsingen)\",\"caption\":\"\",\"description\":\"\\\"Froh zu sein (Einsingen)\\\".\",\"meta\":{\"length_formatted\":\"0:51\"},\"image\":{\"src\":\"https:\\\/\\\/cantiamo.ch\\\/wp-includes\\\/images\\\/media\\\/audio.svg\",\"width\":48,\"height\":64},\"thumb\":{\"src\":\"https:\\\/\\\/cantiamo.ch\\\/wp-includes\\\/images\\\/media\\\/audio.svg\",\"width\":48,\"height\":64}},{\"src\":\"https:\\\/\\\/cantiamo.ch\\\/wp-content\\\/uploads\\\/2020\\\/05\\\/Wann-und-wo-Eins..mp3\",\"type\":\"audio\\\/mpeg\",\"title\":\"Wann und wo (Einsingen)\",\"caption\":\"\",\"description\":\"\\\"Wann und wo (Einsingen)\\\".\",\"meta\":{\"length_formatted\":\"1:11\"},\"image\":{\"src\":\"https:\\\/\\\/cantiamo.ch\\\/wp-includes\\\/images\\\/media\\\/audio.svg\",\"width\":48,\"height\":64},\"thumb\":{\"src\":\"https:\\\/\\\/cantiamo.ch\\\/wp-includes\\\/images\\\/media\\\/audio.svg\",\"width\":48,\"height\":64}},{\"src\":\"https:\\\/\\\/cantiamo.ch\\\/wp-content\\\/uploads\\\/2020\\\/05\\\/Mon-petit-Chor.mp3\",\"type\":\"audio\\\/mpeg\",\"title\":\"Mon petit (Chor)\",\"caption\":\"\",\"description\":\"\\\"Mon petit (Chor)\\\".\",\"meta\":{\"length_formatted\":\"0:50\"},\"image\":{\"src\":\"https:\\\/\\\/cantiamo.ch\\\/wp-includes\\\/images\\\/media\\\/audio.svg\",\"width\":48,\"height\":64},\"thumb\":{\"src\":\"https:\\\/\\\/cantiamo.ch\\\/wp-includes\\\/images\\\/media\\\/audio.svg\",\"width\":48,\"height\":64}},{\"src\":\"https:\\\/\\\/cantiamo.ch\\\/wp-content\\\/uploads\\\/2020\\\/05\\\/Mon-petit-Alt-und-Sopran.mp3\",\"type\":\"audio\\\/mpeg\",\"title\":\"Mon petit (Alt und Sopran)\",\"caption\":\"\",\"description\":\"\\\"Mon petit (Alt und Sopran)\\\".\",\"meta\":{\"length_formatted\":\"0:49\"},\"image\":{\"src\":\"https:\\\/\\\/cantiamo.ch\\\/wp-includes\\\/images\\\/media\\\/audio.svg\",\"width\":48,\"height\":64},\"thumb\":{\"src\":\"https:\\\/\\\/cantiamo.ch\\\/wp-includes\\\/images\\\/media\\\/audio.svg\",\"width\":48,\"height\":64}},{\"src\":\"https:\\\/\\\/cantiamo.ch\\\/wp-content\\\/uploads\\\/2020\\\/05\\\/Mon-petit-Tenor-und-Bass.mp3\",\"type\":\"audio\\\/mpeg\",\"title\":\"Mon petit (Tenor und Bass)\",\"caption\":\"\",\"description\":\"\\\"Mon petit (Tenor und Bass)\\\".\",\"meta\":{\"length_formatted\":\"0:49\"},\"image\":{\"src\":\"https:\\\/\\\/cantiamo.ch\\\/wp-includes\\\/images\\\/media\\\/audio.svg\",\"width\":48,\"height\":64},\"thumb\":{\"src\":\"https:\\\/\\\/cantiamo.ch\\\/wp-includes\\\/images\\\/media\\\/audio.svg\",\"width\":48,\"height\":64}},{\"src\":\"https:\\\/\\\/cantiamo.ch\\\/wp-content\\\/uploads\\\/2020\\\/05\\\/Fr\\u00fchlingsglaube-Chor.mp3\",\"type\":\"audio\\\/mpeg\",\"title\":\"Fr\\u00fchlingsglaube (Chor)\",\"caption\":\"\",\"description\":\"\\\"Fr\\u00fchlingsglaube (Chor)\\\".\",\"meta\":{\"length_formatted\":\"1:10\"},\"image\":{\"src\":\"https:\\\/\\\/cantiamo.ch\\\/wp-includes\\\/images\\\/media\\\/audio.svg\",\"width\":48,\"height\":64},\"thumb\":{\"src\":\"https:\\\/\\\/cantiamo.ch\\\/wp-includes\\\/images\\\/media\\\/audio.svg\",\"width\":48,\"height\":64}},{\"src\":\"https:\\\/\\\/cantiamo.ch\\\/wp-content\\\/uploads\\\/2020\\\/05\\\/Fr\\u00fchlingsglaube-Sopran.mp3\",\"type\":\"audio\\\/mpeg\",\"title\":\"Fr\\u00fchlingsglaube (Sopran)\",\"caption\":\"\",\"description\":\"\\\"Fr\\u00fchlingsglaube (Sopran)\\\".\",\"meta\":{\"length_formatted\":\"1:06\"},\"image\":{\"src\":\"https:\\\/\\\/cantiamo.ch\\\/wp-includes\\\/images\\\/media\\\/audio.svg\",\"width\":48,\"height\":64},\"thumb\":{\"src\":\"https:\\\/\\\/cantiamo.ch\\\/wp-includes\\\/images\\\/media\\\/audio.svg\",\"width\":48,\"height\":64}},{\"src\":\"https:\\\/\\\/cantiamo.ch\\\/wp-content\\\/uploads\\\/2020\\\/05\\\/Fr\\u00fchlingsglaube-Alt.mp3\",\"type\":\"audio\\\/mpeg\",\"title\":\"Fr\\u00fchlingsglaube (Alt)\",\"caption\":\"\",\"description\":\"\\\"Fr\\u00fchlingsglaube (Alt)\\\".\",\"meta\":{\"length_formatted\":\"1:07\"},\"image\":{\"src\":\"https:\\\/\\\/cantiamo.ch\\\/wp-includes\\\/images\\\/media\\\/audio.svg\",\"width\":48,\"height\":64},\"thumb\":{\"src\":\"https:\\\/\\\/cantiamo.ch\\\/wp-includes\\\/images\\\/media\\\/audio.svg\",\"width\":48,\"height\":64}},{\"src\":\"https:\\\/\\\/cantiamo.ch\\\/wp-content\\\/uploads\\\/2020\\\/05\\\/Fr\\u00fchlingsglaube-S-und-A.mp3\",\"type\":\"audio\\\/mpeg\",\"title\":\"Fr\\u00fchlingsglaube (S und A)\",\"caption\":\"\",\"description\":\"\\\"Fr\\u00fchlingsglaube (S und A)\\\".\",\"meta\":{\"length_formatted\":\"1:05\"},\"image\":{\"src\":\"https:\\\/\\\/cantiamo.ch\\\/wp-includes\\\/images\\\/media\\\/audio.svg\",\"width\":48,\"height\":64},\"thumb\":{\"src\":\"https:\\\/\\\/cantiamo.ch\\\/wp-includes\\\/images\\\/media\\\/audio.svg\",\"width\":48,\"height\":64}},{\"src\":\"https:\\\/\\\/cantiamo.ch\\\/wp-content\\\/uploads\\\/2020\\\/05\\\/Fr\\u00fchlingsglaube-Tenor.mp3\",\"type\":\"audio\\\/mpeg\",\"title\":\"Fr\\u00fchlingsglaube (Tenor)\",\"caption\":\"\",\"description\":\"\\\"Fr\\u00fchlingsglaube (Tenor)\\\".\",\"meta\":{\"length_formatted\":\"1:06\"},\"image\":{\"src\":\"https:\\\/\\\/cantiamo.ch\\\/wp-includes\\\/images\\\/media\\\/audio.svg\",\"width\":48,\"height\":64},\"thumb\":{\"src\":\"https:\\\/\\\/cantiamo.ch\\\/wp-includes\\\/images\\\/media\\\/audio.svg\",\"width\":48,\"height\":64}},{\"src\":\"https:\\\/\\\/cantiamo.ch\\\/wp-content\\\/uploads\\\/2020\\\/05\\\/Fr\\u00fchlingsglaube-Bass.mp3\",\"type\":\"audio\\\/mpeg\",\"title\":\"Fr\\u00fchlingsglaube (Bass)\",\"caption\":\"\",\"description\":\"\\\"Fr\\u00fchlingsglaube (Bass)\\\".\",\"meta\":{\"length_formatted\":\"1:06\"},\"image\":{\"src\":\"https:\\\/\\\/cantiamo.ch\\\/wp-includes\\\/images\\\/media\\\/audio.svg\",\"width\":48,\"height\":64},\"thumb\":{\"src\":\"https:\\\/\\\/cantiamo.ch\\\/wp-includes\\\/images\\\/media\\\/audio.svg\",\"width\":48,\"height\":64}},{\"src\":\"https:\\\/\\\/cantiamo.ch\\\/wp-content\\\/uploads\\\/2020\\\/05\\\/Fr\\u00fchlingsglaube-Bass-und-Tenor.mp3\",\"type\":\"audio\\\/mpeg\",\"title\":\"Fr\\u00fchlingsglaube (Bass und Tenor)\",\"caption\":\"\",\"description\":\"\\\"Fr\\u00fchlingsglaube (Bass und Tenor)\\\".\",\"meta\":{\"length_formatted\":\"1:07\"},\"image\":{\"src\":\"https:\\\/\\\/cantiamo.ch\\\/wp-includes\\\/images\\\/media\\\/audio.svg\",\"width\":48,\"height\":64},\"thumb\":{\"src\":\"https:\\\/\\\/cantiamo.ch\\\/wp-includes\\\/images\\\/media\\\/audio.svg\",\"width\":48,\"height\":64}},{\"src\":\"https:\\\/\\\/cantiamo.ch\\\/wp-content\\\/uploads\\\/2020\\\/05\\\/Just-a-closer-Chor.mp3\",\"type\":\"audio\\\/mpeg\",\"title\":\"Just a closer (Chor)\",\"caption\":\"\",\"description\":\"\\\"Just a closer (Chor)\\\".\",\"meta\":{\"length_formatted\":\"2:05\"},\"image\":{\"src\":\"https:\\\/\\\/cantiamo.ch\\\/wp-includes\\\/images\\\/media\\\/audio.svg\",\"width\":48,\"height\":64},\"thumb\":{\"src\":\"https:\\\/\\\/cantiamo.ch\\\/wp-includes\\\/images\\\/media\\\/audio.svg\",\"width\":48,\"height\":64}},{\"src\":\"https:\\\/\\\/cantiamo.ch\\\/wp-content\\\/uploads\\\/2020\\\/05\\\/Just-a-closer-Alt-und-Sopran.mp3\",\"type\":\"audio\\\/mpeg\",\"title\":\"Just a closer (Alt und Sopran)\",\"caption\":\"\",\"description\":\"\\\"Just a closer (Alt und Sopran)\\\".\",\"meta\":{\"length_formatted\":\"1:59\"},\"image\":{\"src\":\"https:\\\/\\\/cantiamo.ch\\\/wp-includes\\\/images\\\/media\\\/audio.svg\",\"width\":48,\"height\":64},\"thumb\":{\"src\":\"https:\\\/\\\/cantiamo.ch\\\/wp-includes\\\/images\\\/media\\\/audio.svg\",\"width\":48,\"height\":64}},{\"src\":\"https:\\\/\\\/cantiamo.ch\\\/wp-content\\\/uploads\\\/2020\\\/05\\\/Just-a-closer-Sopran.mp3\",\"type\":\"audio\\\/mpeg\",\"title\":\"Just a closer (Sopran)\",\"caption\":\"\",\"description\":\"\\\"Just a closer (Sopran)\\\".\",\"meta\":{\"length_formatted\":\"2:03\"},\"image\":{\"src\":\"https:\\\/\\\/cantiamo.ch\\\/wp-includes\\\/images\\\/media\\\/audio.svg\",\"width\":48,\"height\":64},\"thumb\":{\"src\":\"https:\\\/\\\/cantiamo.ch\\\/wp-includes\\\/images\\\/media\\\/audio.svg\",\"width\":48,\"height\":64}},{\"src\":\"https:\\\/\\\/cantiamo.ch\\\/wp-content\\\/uploads\\\/2020\\\/05\\\/Just-a-closer-Alt.mp3\",\"type\":\"audio\\\/mpeg\",\"title\":\"Just a closer (Alt)\",\"caption\":\"\",\"description\":\"\\\"Just a closer (Alt)\\\".\",\"meta\":{\"length_formatted\":\"2:06\"},\"image\":{\"src\":\"https:\\\/\\\/cantiamo.ch\\\/wp-includes\\\/images\\\/media\\\/audio.svg\",\"width\":48,\"height\":64},\"thumb\":{\"src\":\"https:\\\/\\\/cantiamo.ch\\\/wp-includes\\\/images\\\/media\\\/audio.svg\",\"width\":48,\"height\":64}},{\"src\":\"https:\\\/\\\/cantiamo.ch\\\/wp-content\\\/uploads\\\/2020\\\/05\\\/Just-a-closer-Tenor-und-Bass.mp3\",\"type\":\"audio\\\/mpeg\",\"title\":\"Just a closer (Tenor und Bass)\",\"caption\":\"\",\"description\":\"\\\"Just a closer (Tenor und Bass)\\\".\",\"meta\":{\"length_formatted\":\"2:08\"},\"image\":{\"src\":\"https:\\\/\\\/cantiamo.ch\\\/wp-includes\\\/images\\\/media\\\/audio.svg\",\"width\":48,\"height\":64},\"thumb\":{\"src\":\"https:\\\/\\\/cantiamo.ch\\\/wp-includes\\\/images\\\/media\\\/audio.svg\",\"width\":48,\"height\":64}},{\"src\":\"https:\\\/\\\/cantiamo.ch\\\/wp-content\\\/uploads\\\/2020\\\/05\\\/Just-a-closer-Tenor.mp3\",\"type\":\"audio\\\/mpeg\",\"title\":\"Just a closer (Tenor)\",\"caption\":\"\",\"description\":\"\\\"Just a closer (Tenor)\\\".\",\"meta\":{\"length_formatted\":\"2:04\"},\"image\":{\"src\":\"https:\\\/\\\/cantiamo.ch\\\/wp-includes\\\/images\\\/media\\\/audio.svg\",\"width\":48,\"height\":64},\"thumb\":{\"src\":\"https:\\\/\\\/cantiamo.ch\\\/wp-includes\\\/images\\\/media\\\/audio.svg\",\"width\":48,\"height\":64}},{\"src\":\"https:\\\/\\\/cantiamo.ch\\\/wp-content\\\/uploads\\\/2020\\\/05\\\/Just-a-closer-Bass.mp3\",\"type\":\"audio\\\/mpeg\",\"title\":\"Just a closer (Bass)\",\"caption\":\"\",\"description\":\"\\\"Just a closer (Bass)\\\".\",\"meta\":{\"length_formatted\":\"2:02\"},\"image\":{\"src\":\"https:\\\/\\\/cantiamo.ch\\\/wp-includes\\\/images\\\/media\\\/audio.svg\",\"width\":48,\"height\":64},\"thumb\":{\"src\":\"https:\\\/\\\/cantiamo.ch\\\/wp-includes\\\/images\\\/media\\\/audio.svg\",\"width\":48,\"height\":64}}]}<\/script>\n<\/div>\n\t\n<\/div>\n<\/div>\n","protected":false},"excerpt":{"rendered":"<p>Klavierbegleitung f\u00fcr diverse Probest\u00fccke<\/p>\n","protected":false},"author":1,"featured_media":0,"parent":0,"menu_order":0,"comment_status":"closed","ping_status":"closed","template":"","meta":{"footnotes":""},"class_list":["post-54","page","type-page","status-publish","hentry"],"yoast_head":"<!-- This site is optimized with the Yoast SEO plugin v25.8 - https:\/\/yoast.com\/wordpress\/plugins\/seo\/ -->\n<title>Probest\u00fccke - Cantiamo.ch<\/title>\n<meta name=\"robots\" content=\"index, follow, max-snippet:-1, max-image-preview:large, max-video-preview:-1\" \/>\n<link rel=\"canonical\" href=\"https:\/\/cantiamo.ch\/?page_id=54\" \/>\n<meta property=\"og:locale\" content=\"de_DE\" \/>\n<meta property=\"og:type\" content=\"article\" \/>\n<meta property=\"og:title\" content=\"Probest\u00fccke - Cantiamo.ch\" \/>\n<meta property=\"og:description\" content=\"Klavierbegleitung f\u00fcr diverse Probest\u00fccke\" \/>\n<meta property=\"og:url\" content=\"https:\/\/cantiamo.ch\/?page_id=54\" \/>\n<meta property=\"og:site_name\" content=\"Cantiamo.ch\" \/>\n<meta property=\"article:modified_time\" content=\"2020-05-14T07:36:45+00:00\" \/>\n<meta name=\"twitter:card\" content=\"summary_large_image\" \/>\n<script type=\"application\/ld+json\" class=\"yoast-schema-graph\">{\"@context\":\"https:\/\/schema.org\",\"@graph\":[{\"@type\":\"WebPage\",\"@id\":\"https:\/\/cantiamo.ch\/?page_id=54\",\"url\":\"https:\/\/cantiamo.ch\/?page_id=54\",\"name\":\"Probest\u00fccke - Cantiamo.ch\",\"isPartOf\":{\"@id\":\"https:\/\/cantiamo.ch\/#website\"},\"datePublished\":\"2017-09-30T08:08:05+00:00\",\"dateModified\":\"2020-05-14T07:36:45+00:00\",\"breadcrumb\":{\"@id\":\"https:\/\/cantiamo.ch\/?page_id=54#breadcrumb\"},\"inLanguage\":\"de\",\"potentialAction\":[{\"@type\":\"ReadAction\",\"target\":[\"https:\/\/cantiamo.ch\/?page_id=54\"]}]},{\"@type\":\"BreadcrumbList\",\"@id\":\"https:\/\/cantiamo.ch\/?page_id=54#breadcrumb\",\"itemListElement\":[{\"@type\":\"ListItem\",\"position\":1,\"name\":\"Startseite\",\"item\":\"https:\/\/cantiamo.ch\/\"},{\"@type\":\"ListItem\",\"position\":2,\"name\":\"Probest\u00fccke\"}]},{\"@type\":\"WebSite\",\"@id\":\"https:\/\/cantiamo.ch\/#website\",\"url\":\"https:\/\/cantiamo.ch\/\",\"name\":\"Cantiamo.ch\",\"description\":\"gemischter Chor in Hombrechtikon\",\"potentialAction\":[{\"@type\":\"SearchAction\",\"target\":{\"@type\":\"EntryPoint\",\"urlTemplate\":\"https:\/\/cantiamo.ch\/?s={search_term_string}\"},\"query-input\":{\"@type\":\"PropertyValueSpecification\",\"valueRequired\":true,\"valueName\":\"search_term_string\"}}],\"inLanguage\":\"de\"}]}<\/script>\n<!-- \/ Yoast SEO plugin. -->","yoast_head_json":{"title":"Probest\u00fccke - Cantiamo.ch","robots":{"index":"index","follow":"follow","max-snippet":"max-snippet:-1","max-image-preview":"max-image-preview:large","max-video-preview":"max-video-preview:-1"},"canonical":"https:\/\/cantiamo.ch\/?page_id=54","og_locale":"de_DE","og_type":"article","og_title":"Probest\u00fccke - Cantiamo.ch","og_description":"Klavierbegleitung f\u00fcr diverse Probest\u00fccke","og_url":"https:\/\/cantiamo.ch\/?page_id=54","og_site_name":"Cantiamo.ch","article_modified_time":"2020-05-14T07:36:45+00:00","twitter_card":"summary_large_image","schema":{"@context":"https:\/\/schema.org","@graph":[{"@type":"WebPage","@id":"https:\/\/cantiamo.ch\/?page_id=54","url":"https:\/\/cantiamo.ch\/?page_id=54","name":"Probest\u00fccke - Cantiamo.ch","isPartOf":{"@id":"https:\/\/cantiamo.ch\/#website"},"datePublished":"2017-09-30T08:08:05+00:00","dateModified":"2020-05-14T07:36:45+00:00","breadcrumb":{"@id":"https:\/\/cantiamo.ch\/?page_id=54#breadcrumb"},"inLanguage":"de","potentialAction":[{"@type":"ReadAction","target":["https:\/\/cantiamo.ch\/?page_id=54"]}]},{"@type":"BreadcrumbList","@id":"https:\/\/cantiamo.ch\/?page_id=54#breadcrumb","itemListElement":[{"@type":"ListItem","position":1,"name":"Startseite","item":"https:\/\/cantiamo.ch\/"},{"@type":"ListItem","position":2,"name":"Probest\u00fccke"}]},{"@type":"WebSite","@id":"https:\/\/cantiamo.ch\/#website","url":"https:\/\/cantiamo.ch\/","name":"Cantiamo.ch","description":"gemischter Chor in Hombrechtikon","potentialAction":[{"@type":"SearchAction","target":{"@type":"EntryPoint","urlTemplate":"https:\/\/cantiamo.ch\/?s={search_term_string}"},"query-input":{"@type":"PropertyValueSpecification","valueRequired":true,"valueName":"search_term_string"}}],"inLanguage":"de"}]}},"_links":{"self":[{"href":"https:\/\/cantiamo.ch\/index.php?rest_route=\/wp\/v2\/pages\/54","targetHints":{"allow":["GET"]}}],"collection":[{"href":"https:\/\/cantiamo.ch\/index.php?rest_route=\/wp\/v2\/pages"}],"about":[{"href":"https:\/\/cantiamo.ch\/index.php?rest_route=\/wp\/v2\/types\/page"}],"author":[{"embeddable":true,"href":"https:\/\/cantiamo.ch\/index.php?rest_route=\/wp\/v2\/users\/1"}],"replies":[{"embeddable":true,"href":"https:\/\/cantiamo.ch\/index.php?rest_route=%2Fwp%2Fv2%2Fcomments&post=54"}],"version-history":[{"count":16,"href":"https:\/\/cantiamo.ch\/index.php?rest_route=\/wp\/v2\/pages\/54\/revisions"}],"predecessor-version":[{"id":204,"href":"https:\/\/cantiamo.ch\/index.php?rest_route=\/wp\/v2\/pages\/54\/revisions\/204"}],"wp:attachment":[{"href":"https:\/\/cantiamo.ch\/index.php?rest_route=%2Fwp%2Fv2%2Fmedia&parent=54"}],"curies":[{"name":"wp","href":"https:\/\/api.w.org\/{rel}","templated":true}]}}